{"id":1181,"date":"2025-06-27T12:20:58","date_gmt":"2025-06-27T10:20:58","guid":{"rendered":"https:\/\/africa-boats.com\/?page_id=1181"},"modified":"2025-07-09T13:09:56","modified_gmt":"2025-07-09T11:09:56","slug":"voraz-boats","status":"publish","type":"page","link":"https:\/\/africa-boats.com\/fr\/voraz-boats\/","title":{"rendered":"Bateaux VORAZ"},"content":{"rendered":"<style type=\"text\/css\" data-created_by=\"avia_inline_auto\" id=\"style-css-av-mcenw607-da53bc9c2e8143bc13f8f5e76705de0f\">\n.avia-section.av-mcenw607-da53bc9c2e8143bc13f8f5e76705de0f{\nbackground-repeat:no-repeat;\nbackground-image:url(https:\/\/africa-boats.com\/wp-content\/uploads\/2025\/03\/Africaboats-VORAZ-505-cabin-header.jpg);\nbackground-position:50% 50%;\nbackground-attachment:scroll;\n}\n.avia-section.av-mcenw607-da53bc9c2e8143bc13f8f5e76705de0f .av-section-color-overlay{\nopacity:0.7;\nbackground-color:#ffffff;\n}\n<\/style>\n<div id='av_section_1'  class='avia-section av-mcenw607-da53bc9c2e8143bc13f8f5e76705de0f main_color avia-section-default avia-no-border-styling  avia-builder-el-0  el_before_av_section  avia-builder-el-first  avia-full-stretch avia-bg-style-scroll av-section-color-overlay-active av-minimum-height av-minimum-height-25 av-height-25  container_wrap fullsize'  data-section-bg-repeat='stretch' data-av_minimum_height_pc='25' data-av_min_height_opt='25'><div class=\"av-section-color-overlay-wrap\"><div class=\"av-section-color-overlay\"><\/div><div class='container av-section-cont-open' ><main  role=\"main\" itemprop=\"mainContentOfPage\"  class='template-page content  av-content-full alpha units'><div class='post-entry post-entry-type-page post-entry-1181'><div class='entry-content-wrapper clearfix'>\n<div  class='flex_column av-8uy5e5-7c8fe0444a5ce858f11e1a154f76a621 av_one_full  avia-builder-el-1  avia-builder-el-no-sibling  first flex_column_div'     ><style type=\"text\/css\" data-created_by=\"avia_inline_auto\" id=\"style-css-av-mcenvbc3-cad4cee7d5705885ec899914691aaa2e\">\n.avia-image-container.av-mcenvbc3-cad4cee7d5705885ec899914691aaa2e img.avia_image{\nbox-shadow:none;\n}\n.avia-image-container.av-mcenvbc3-cad4cee7d5705885ec899914691aaa2e .av-image-caption-overlay-center{\ncolor:#ffffff;\n}\n<\/style>\n<div  class='avia-image-container av-mcenvbc3-cad4cee7d5705885ec899914691aaa2e av-styling- avia-align-center  avia-builder-el-2  avia-builder-el-no-sibling'   itemprop=\"image\" itemscope=\"itemscope\" itemtype=\"https:\/\/schema.org\/ImageObject\" ><div class=\"avia-image-container-inner\"><div class=\"avia-image-overlay-wrap\"><img decoding=\"async\" fetchpriority=\"high\" class='wp-image-888 avia-img-lazy-loading-not-888 avia_image' src=\"https:\/\/africa-boats.com\/wp-content\/uploads\/2025\/03\/logo-cab-voraz.png\" alt='' title='voraz par indalboats'  height=\"200\" width=\"200\"  itemprop=\"thumbnailUrl\" srcset=\"https:\/\/africa-boats.com\/wp-content\/uploads\/2025\/03\/logo-cab-voraz.png 200w, https:\/\/africa-boats.com\/wp-content\/uploads\/2025\/03\/logo-cab-voraz-80x80.png 80w, https:\/\/africa-boats.com\/wp-content\/uploads\/2025\/03\/logo-cab-voraz-36x36.png 36w, https:\/\/africa-boats.com\/wp-content\/uploads\/2025\/03\/logo-cab-voraz-180x180.png 180w\" sizes=\"(max-width: 200px) 100vw, 200px\" \/><\/div><\/div><\/div><\/div>\n\n<\/div><\/div><\/main><!-- close content main element --><\/div><\/div><\/div><div id='av_section_2'  class='avia-section av-7slmbh-a45da7819963d63057cad94b5f72969c main_color avia-section-huge avia-no-border-styling  avia-builder-el-3  el_after_av_section  el_before_av_section  avia-bg-style-scroll container_wrap fullsize'  ><div class='container av-section-cont-open' ><div class='template-page content  av-content-full alpha units'><div class='post-entry post-entry-type-page post-entry-1181'><div class='entry-content-wrapper clearfix'>\n<div id='av-masonry-1' class='av-masonry av-mcenvez5-5516ceea9836443be873cc913f3a5177 noHover av-fixed-size av-large-gap av-hover-overlay-active av-masonry-animation-active av-masonry-col-3 av-caption-on-hover-hide av-caption-style-overlay av-masonry-entries av-orientation-square' data-post_id=\"1181\"><div class=\"av-masonry-container isotope av-js-disabled\"><div class='av-masonry-entry isotope-item av-masonry-item-no-image all_sort voraz_sort'><\/div><a href=\"https:\/\/africa-boats.com\/fr\/boats-and-motors\/voraz-505-cabin\/\"  id='av-masonry-1-item-91' data-av-masonry-item='91' class='av-masonry-entry isotope-item post-91 portfolio type-portfolio status-publish has-post-thumbnail hentry portfolio_entries-voraz all_sort voraz_sort  av-masonry-item-with-image' title=\"Voraz-505 Cabine-1\"   itemscope=\"itemscope\" itemtype=\"https:\/\/schema.org\/CreativeWork\" ><div class='av-inner-masonry-sizer'><\/div><figure class='av-inner-masonry main_color'><div class=\"av-masonry-outerimage-container\"><div class='av-masonry-image-container' style=\"background-image: url(https:\/\/africa-boats.com\/wp-content\/uploads\/2025\/03\/Voraz-505-Cabin-1-705x397.jpg);\"  title=\"Voraz-505 Cabine-1\" ><\/div><\/div><figcaption class='av-inner-masonry-content site-background'><div class='av-inner-masonry-content-pos'><div class='av-inner-masonry-content-pos-content'><div class='avia-arrow'><\/div><h3 class='av-masonry-entry-title entry-title'  itemprop=\"headline\" >CABINE VORAZ 505<\/h3><div class='av-masonry-entry-content entry-content'  itemprop=\"text\" >Un bateau \u00e0 cabine avec un pont a\u00e9rodynamique, avec une petite cabine et un grand cockpit.<\/div><\/div><\/div><\/figcaption><\/figure><\/a><!--end av-masonry entry--><a href=\"https:\/\/africa-boats.com\/fr\/boats-and-motors\/voraz-500-open\/\"  id='av-masonry-1-item-93' data-av-masonry-item='93' class='av-masonry-entry isotope-item post-93 portfolio type-portfolio status-publish has-post-thumbnail hentry portfolio_entries-voraz all_sort voraz_sort  av-masonry-item-with-image' title=\"Voraz-500 Open-1\"   itemscope=\"itemscope\" itemtype=\"https:\/\/schema.org\/CreativeWork\" ><div class='av-inner-masonry-sizer'><\/div><figure class='av-inner-masonry main_color'><div class=\"av-masonry-outerimage-container\"><div class='av-masonry-image-container' style=\"background-image: url(https:\/\/africa-boats.com\/wp-content\/uploads\/2025\/03\/Voraz-500-Open-1-1-705x397.jpg);\"  title=\"Voraz-500 Open-1\" ><\/div><\/div><figcaption class='av-inner-masonry-content site-background'><div class='av-inner-masonry-content-pos'><div class='av-inner-masonry-content-pos-content'><div class='avia-arrow'><\/div><h3 class='av-masonry-entry-title entry-title'  itemprop=\"headline\" >VORAZ 500 OPEN<\/h3><div class='av-masonry-entry-content entry-content'  itemprop=\"text\" >Bateau bas\u00e9 sur le Voraz 505 mais adapt\u00e9 pour \u00eatre utilis\u00e9 m\u00eame sans permis.<\/div><\/div><\/div><\/figcaption><\/figure><\/a><!--end av-masonry entry--><a href=\"https:\/\/africa-boats.com\/fr\/boats-and-motors\/voraz-475-open\/\"  id='av-masonry-1-item-95' data-av-masonry-item='95' class='av-masonry-entry isotope-item post-95 portfolio type-portfolio status-publish has-post-thumbnail hentry portfolio_entries-voraz all_sort voraz_sort  av-masonry-item-with-image' title=\"VORAZ 475 OUVERT 1\"   itemscope=\"itemscope\" itemtype=\"https:\/\/schema.org\/CreativeWork\" ><div class='av-inner-masonry-sizer'><\/div><figure class='av-inner-masonry main_color'><div class=\"av-masonry-outerimage-container\"><div class='av-masonry-image-container' style=\"background-image: url(https:\/\/africa-boats.com\/wp-content\/uploads\/2025\/03\/VORAZ-475-OPEN-1-705x529.jpg);\"  title=\"VORAZ 475 OUVERT 1\" ><\/div><\/div><figcaption class='av-inner-masonry-content site-background'><div class='av-inner-masonry-content-pos'><div class='av-inner-masonry-content-pos-content'><div class='avia-arrow'><\/div><h3 class='av-masonry-entry-title entry-title'  itemprop=\"headline\" >VORAZ 475 OPEN<\/h3><div class='av-masonry-entry-content entry-content'  itemprop=\"text\" >Tout ce dont vous avez besoin pour profiter de la mer, de la voile, de la plong\u00e9e ou de la p\u00eache.<\/div><\/div><\/div><\/figcaption><\/figure><\/a><!--end av-masonry entry--><\/div><\/div>\n\n<\/div><\/div><\/div><!-- close content main div --><\/div><\/div><div id='av_section_3'  class='avia-section av-66wpst-f95217f83210f3060cbed160259923e1 main_color avia-section-default avia-no-border-styling  avia-builder-el-5  el_after_av_section  avia-builder-el-last  avia-bg-style-scroll container_wrap fullsize'  ><div class='container av-section-cont-open' ><div class='template-page content  av-content-full alpha units'><div class='post-entry post-entry-type-page post-entry-1181'><div class='entry-content-wrapper clearfix'>\n<div  class='flex_column av-f0d2l-65a903086b6d989154842515256c8caa av_one_full  avia-builder-el-6  avia-builder-el-no-sibling  first flex_column_div av-animated-generic bottom-to-top'     ><div  class='avia-button-wrap avia-button-center  avia-builder-el-7  avia-builder-el-no-sibling'>\n<style type=\"text\/css\" data-created_by=\"avia_inline_auto\" id=\"style-css-av-23nsgt-37862854991f90888be95a90c8d97b36\">\n#top #wrap_all .avia-button.av-23nsgt-37862854991f90888be95a90c8d97b36:hover{\nbackground-color:black;\ncolor:white;\ntransition:all 0.4s ease-in-out;\n}\n#top #wrap_all .avia-button.av-23nsgt-37862854991f90888be95a90c8d97b36:hover .avia-svg-icon svg:first-child{\nfill:white;\nstroke:white;\n}\n<\/style>\n<a href='https:\/\/africa-boats.com\/fr\/contact\/' class='avia-color-theme-color avia-font-color-theme-color avia-button avia-button-fullwidth av-23nsgt-37862854991f90888be95a90c8d97b36 avia-icon_select-yes-left-icon avia-color-theme-color'   aria-label=\"CONTACTEZ-NOUS\"><span class='avia_button_icon avia_button_icon_left avia-svg-icon avia-font-svg_entypo-fontello' data-av_svg_icon='lifebuoy' data-av_iconset='svg_entypo-fontello'><svg version=\"1.1\" xmlns=\"http:\/\/www.w3.org\/2000\/svg\" width=\"29\" height=\"32\" viewbox=\"0 0 29 32\" preserveaspectratio=\"xMidYMid meet\" aria-labelledby='av-svg-title-1' aria-describedby='av-svg-desc-1' role=\"graphics-symbol\">\n<title id='av-svg-title-1'>Lifebuoy<\/title>\n<desc id='av-svg-desc-1'>Bou\u00e9e de sauvetage<\/desc>\n<path d=\"M14.528 1.28q6.080-0.064 10.432 4.16t4.48 10.304q0.064 6.080-4.192 10.464t-10.336 4.512q-6.080 0.064-10.464-4.192t-4.448-10.336q-0.128-6.080 4.16-10.464t10.368-4.448zM14.528 3.2q-3.008 0-5.696 1.408l1.984 3.328q1.792-0.896 3.904-0.896t3.904 0.896l1.984-3.328q-2.816-1.472-6.080-1.408zM6.656 19.904q-0.896-1.92-0.896-3.904 0-2.048 0.896-3.968l-3.264-1.984q-1.472 2.816-1.472 6.080 0.064 3.072 1.472 5.76zM14.912 28.8q3.136-0.128 5.696-1.472l-1.984-3.328q-1.92 0.96-3.904 0.96t-3.904-0.96l-1.984 3.328q2.752 1.472 6.080 1.472zM14.72 23.040q2.944 0 4.992-2.080t2.048-4.96q0-2.944-2.048-4.992t-4.992-2.048-4.992 2.048-2.048 4.992q0 2.88 2.048 4.96t4.992 2.080zM22.784 19.904l3.328 1.984q1.472-3.072 1.408-6.080 0-3.072-1.408-5.76l-3.328 1.984q0.896 1.92 0.896 3.968 0 1.984-0.896 3.904z\"><\/path>\n<\/svg><\/span><span class='avia_iconbox_title' >CONTACTEZ-NOUS<\/span><div class='av-button-description av-button-description-below'><p>POUR PLUS D'INFORMATIONS<\/p>\n<\/div><\/a><\/div><\/div>","protected":false},"excerpt":{"rendered":"","protected":false},"author":1,"featured_media":0,"parent":0,"menu_order":4,"comment_status":"closed","ping_status":"closed","template":"","meta":{"footnotes":""},"class_list":["post-1181","page","type-page","status-publish","hentry"],"_links":{"self":[{"href":"https:\/\/africa-boats.com\/fr\/wp-json\/wp\/v2\/pages\/1181","targetHints":{"allow":["GET"]}}],"collection":[{"href":"https:\/\/africa-boats.com\/fr\/wp-json\/wp\/v2\/pages"}],"about":[{"href":"https:\/\/africa-boats.com\/fr\/wp-json\/wp\/v2\/types\/page"}],"author":[{"embeddable":true,"href":"https:\/\/africa-boats.com\/fr\/wp-json\/wp\/v2\/users\/1"}],"replies":[{"embeddable":true,"href":"https:\/\/africa-boats.com\/fr\/wp-json\/wp\/v2\/comments?post=1181"}],"version-history":[{"count":1,"href":"https:\/\/africa-boats.com\/fr\/wp-json\/wp\/v2\/pages\/1181\/revisions"}],"predecessor-version":[{"id":1238,"href":"https:\/\/africa-boats.com\/fr\/wp-json\/wp\/v2\/pages\/1181\/revisions\/1238"}],"wp:attachment":[{"href":"https:\/\/africa-boats.com\/fr\/wp-json\/wp\/v2\/media?parent=1181"}],"curies":[{"name":"wp","href":"https:\/\/api.w.org\/{rel}","templated":true}]}}