{"id":1208,"date":"2025-06-28T20:40:12","date_gmt":"2025-06-28T18:40:12","guid":{"rendered":"https:\/\/africa-boats.com\/?page_id=1208"},"modified":"2025-10-06T21:23:44","modified_gmt":"2025-10-06T19:23:44","slug":"about-us","status":"publish","type":"page","link":"https:\/\/africa-boats.com\/fr\/about-us\/","title":{"rendered":"\u00c0 propos de nous"},"content":{"rendered":"<div id='av_section_1'  class='avia-section av-an7w60-d49e7938c79025aad7d7c8eaf4f4f585 main_color avia-section-large avia-no-border-styling  avia-builder-el-0  el_before_av_section  avia-builder-el-first  avia-bg-style-scroll container_wrap fullsize'  ><div class='container av-section-cont-open' ><main  role=\"main\" itemprop=\"mainContentOfPage\"  class='template-page content  av-content-full alpha units'><div class='post-entry post-entry-type-page post-entry-1208'><div class='entry-content-wrapper clearfix'>\n\n<style type=\"text\/css\" data-created_by=\"avia_inline_auto\" id=\"style-css-av-9g9gvc-68851fde979a42bd33fe9fe8de63ce5c\">\n.flex_column.av-9g9gvc-68851fde979a42bd33fe9fe8de63ce5c{\npadding:0 40px 0 40px;\n}\n<\/style>\n<div  class='flex_column av-9g9gvc-68851fde979a42bd33fe9fe8de63ce5c av_one_full  avia-builder-el-1  avia-builder-el-no-sibling  first flex_column_div'     ><p>\n<style type=\"text\/css\" data-created_by=\"avia_inline_auto\" id=\"style-css-av-1zq46g-646a7bda73660de7ed12dbc44e49625d\">\n.avia-image-container.av-1zq46g-646a7bda73660de7ed12dbc44e49625d img.avia_image{\nbox-shadow:none;\n}\n.avia-image-container.av-1zq46g-646a7bda73660de7ed12dbc44e49625d .av-image-caption-overlay-center{\ncolor:#ffffff;\n}\n<\/style>\n<div  class='avia-image-container av-1zq46g-646a7bda73660de7ed12dbc44e49625d av-styling- avia_animated_image av-animated-when-visible-95 top-to-bottom avia-align-center  avia-builder-el-2  el_before_av_hr  avia-builder-el-first'   itemprop=\"image\" itemscope=\"itemscope\" itemtype=\"https:\/\/schema.org\/ImageObject\" ><div class=\"avia-image-container-inner\"><div class=\"avia-image-overlay-wrap\"><img decoding=\"async\" fetchpriority=\"high\" class='wp-image-710 avia-img-lazy-loading-not-710 avia_image' src=\"https:\/\/africa-boats.com\/wp-content\/uploads\/2025\/05\/YAHAMA-300-HP-Gal-04-1400x630.jpg\" alt='' title='YAHAMA 300 HP Gal - 04'  height=\"630\" width=\"1400\"  itemprop=\"thumbnailUrl\"  \/><\/div><\/div><\/div><br \/>\n\n<style type=\"text\/css\" data-created_by=\"avia_inline_auto\" id=\"style-css-av-mgfdnvwc-a5c05a6f9681f475fbfabcb579527d6f\">\n#top .hr.hr-invisible.av-mgfdnvwc-a5c05a6f9681f475fbfabcb579527d6f{\nheight:50px;\n}\n<\/style>\n<div  class='hr av-mgfdnvwc-a5c05a6f9681f475fbfabcb579527d6f hr-invisible  avia-builder-el-3  el_after_av_image  el_before_av_heading'><span class='hr-inner'><span class=\"hr-inner-style\"><\/span><\/span><\/div><br \/>\n\n<style type=\"text\/css\" data-created_by=\"avia_inline_auto\" id=\"style-css-av-mcgk4lz8-a6f780a44faabd33b59a78b89cfff120\">\n#top .av-special-heading.av-mcgk4lz8-a6f780a44faabd33b59a78b89cfff120{\npadding-bottom:10px;\n}\nbody .av-special-heading.av-mcgk4lz8-a6f780a44faabd33b59a78b89cfff120 .av-special-heading-tag .heading-char{\nfont-size:25px;\n}\n.av-special-heading.av-mcgk4lz8-a6f780a44faabd33b59a78b89cfff120 .av-subheading{\nfont-size:15px;\n}\n<\/style>\n<div  class='av-special-heading av-mcgk4lz8-a6f780a44faabd33b59a78b89cfff120 av-special-heading-h1 blockquote modern-quote  avia-builder-el-4  el_after_av_hr  el_before_av_hr'><h1 class='av-special-heading-tag'  itemprop=\"headline\"  >\u00c0 propos de nous<\/h1><div class=\"special-heading-border\"><div class=\"special-heading-inner-border\"><\/div><\/div><\/div><br \/>\n\n<style type=\"text\/css\" data-created_by=\"avia_inline_auto\" id=\"style-css-av-7pldqg-b8893137098c7a6f1f81a34a336a82e9\">\n#top .hr.av-7pldqg-b8893137098c7a6f1f81a34a336a82e9{\nmargin-top:15px;\nmargin-bottom:20px;\n}\n.hr.av-7pldqg-b8893137098c7a6f1f81a34a336a82e9 .hr-inner{\nwidth:100%;\nborder-color:rgba(176,43,44,0.5);\n}\n<\/style>\n<div  class='hr av-7pldqg-b8893137098c7a6f1f81a34a336a82e9 hr-custom  avia-builder-el-5  el_after_av_heading  el_before_av_textblock  hr-left hr-icon-no'><span class='hr-inner inner-border-av-border-thin'><span class=\"hr-inner-style\"><\/span><\/span><\/div><br \/>\n<section  class='av_textblock_section av-5zwvgo-6e7cd44354a02cb5f62b710454e8864c'   itemscope=\"itemscope\" itemtype=\"https:\/\/schema.org\/CreativeWork\" ><div class='avia_textblock'  itemprop=\"text\" ><div id=\"model-response-message-contentr_12e2f4aca1389fe7\" class=\"markdown markdown-main-panel enable-updated-hr-color\" dir=\"ltr\">\n<p>Africa Boats a \u00e9t\u00e9 fond\u00e9e gr\u00e2ce \u00e0 l'exp\u00e9rience de professionnels du secteur nautique provenant de <a href=\"https:\/\/www.milannauticspain.com\/\">Milan Nautic Espagne<\/a> et <a href=\"https:\/\/www.nauticamilan.com\/\">Nauticamilan<\/a>experts dans la distribution et l'assemblage de bateaux de marques telles que Yamaha, Zodiac, Lomac et Pacific Craft.<\/p>\n<p>Notre \u00e9quipe int\u00e8gre \u00e9galement le <a href=\"https:\/\/voraz.es\/\">Bateaux Voraz<\/a> qui propose des mod\u00e8les l\u00e9gers et a\u00e9rodynamiques con\u00e7us en Espagne, fabriqu\u00e9s avec des mat\u00e9riaux de haute qualit\u00e9 et ax\u00e9s sur l'efficacit\u00e9 \u00e9nerg\u00e9tique.<\/p>\n<h2>Mission et vision<\/h2>\n<p>Africa Boats a \u00e9t\u00e9 cr\u00e9\u00e9 dans le but de proposer des navires robustes et polyvalents adapt\u00e9s au march\u00e9 africain, alliant les normes europ\u00e9ennes de s\u00e9curit\u00e9 et de style aux exigences de la navigation dans les eaux africaines. L'objectif est de couvrir tous les types de bateaux, des bateaux de travail aux mod\u00e8les de loisir.<\/p>\n<p>Africa Boats repr\u00e9sente la fusion entre la qualit\u00e9 et le design nautique m\u00e9diterran\u00e9en et le besoin d'embarcations fonctionnelles, r\u00e9sistantes et efficaces pour les activit\u00e9s en Afrique. Sa proposition combine des mat\u00e9riaux l\u00e9gers, le savoir-faire europ\u00e9en et l'adaptabilit\u00e9 locale, offrant ainsi une offre comp\u00e9titive et diff\u00e9renci\u00e9e sur le march\u00e9 africain.<\/p>\n<\/div>\n<\/div><\/section><br \/>\n<section  class='av_textblock_section av-mcgktixi-cabdc564036538f3623dd6f8bad2bea7'   itemscope=\"itemscope\" itemtype=\"https:\/\/schema.org\/CreativeWork\" ><div class='avia_textblock'  itemprop=\"text\" ><p>Africa Boats se sp\u00e9cialise dans la fourniture de navires de qualit\u00e9 sup\u00e9rieure, allant des bateaux de p\u00eache aux yachts de luxe, et vise \u00e0 permettre aux clients de naviguer dans les eaux africaines avec confiance et style. L'entreprise pr\u00e9sente plusieurs marques maritimes de premier plan, notamment :<\/p>\n<ul>\n<li><b>Zodiaque :<\/b> Connu pour ses bateaux gonflables durables et polyvalents.<\/li>\n<li><b>Yamaha :<\/b> R\u00e9put\u00e9s pour leurs moteurs marins fiables et performants.<\/li>\n<li><b>VORAZ :<\/b> Bateaux de haute qualit\u00e9 et a\u00e9rodynamiques fabriqu\u00e9s par INDALBOATS (voraz.es).<\/li>\n<li><b>Pacific Craft :<\/b> Des bateaux polyvalents, stables et performants.<\/li>\n<\/ul>\n<p>Africa Boats livre dans plusieurs pays africains, dont l'Afrique du Sud, l'\u00eele Maurice, les Seychelles, le Botswana, l'Angola, le Mozambique et la Namibie.<\/p>\n<\/div><\/section><\/p><\/div>\n\n<\/div><\/div><\/main><!-- close content main element --><\/div><\/div><div id='av_section_2'  class='avia-section av-av_section-a5bb92af5cbc65a77be789e0dbf47f69 main_color avia-section-default avia-no-border-styling  avia-builder-el-8  el_after_av_section  avia-builder-el-last  avia-bg-style-scroll container_wrap fullsize'  ><div class='container av-section-cont-open' ><div class='template-page content  av-content-full alpha units'><div class='post-entry post-entry-type-page post-entry-1208'><div class='entry-content-wrapper clearfix'>\n\n<style type=\"text\/css\" data-created_by=\"avia_inline_auto\" id=\"style-css-av-av_heading-c1c2840835f1b1debacc3689dc7f0bfe\">\n#top .av-special-heading.av-av_heading-c1c2840835f1b1debacc3689dc7f0bfe{\npadding-bottom:10px;\n}\nbody .av-special-heading.av-av_heading-c1c2840835f1b1debacc3689dc7f0bfe .av-special-heading-tag .heading-char{\nfont-size:25px;\n}\n.av-special-heading.av-av_heading-c1c2840835f1b1debacc3689dc7f0bfe .av-subheading{\nfont-size:15px;\n}\n<\/style>\n<div  class='av-special-heading av-av_heading-c1c2840835f1b1debacc3689dc7f0bfe av-special-heading-h2 blockquote modern-quote modern-centered  avia-builder-el-9  el_before_av_hr  avia-builder-el-first'><h2 class='av-special-heading-tag'  itemprop=\"headline\"  >SUIVEZ-NOUS SUR<\/h2><div class=\"special-heading-border\"><div class=\"special-heading-inner-border\"><\/div><\/div><\/div>\n\n<style type=\"text\/css\" data-created_by=\"avia_inline_auto\" id=\"style-css-av-av_hr-9513643090a18f4072f52481c8c0a6b1\">\n#top .hr.av-av_hr-9513643090a18f4072f52481c8c0a6b1{\nmargin-top:20px;\nmargin-bottom:30px;\n}\n.hr.av-av_hr-9513643090a18f4072f52481c8c0a6b1 .hr-inner{\nwidth:99%;\nborder-color:#c6c6c6;\n}\n<\/style>\n<div  class='hr av-av_hr-9513643090a18f4072f52481c8c0a6b1 hr-custom  avia-builder-el-10  el_after_av_heading  el_before_av_one_full  hr-center hr-icon-no'><span class='hr-inner inner-border-av-border-thin'><span class=\"hr-inner-style\"><\/span><\/span><\/div>\n<div  class='flex_column av-av_one_full-4453fbc7e8da734fe9d5824da1c72891 av_one_full  avia-builder-el-11  el_after_av_hr  avia-builder-el-last  first flex_column_div'     ><style type=\"text\/css\" data-created_by=\"avia_inline_auto\" id=\"style-css-av-av_font_icon-6ca63c904c7ca3c6b2a78c57cc3cba86\">\n@keyframes av_sonarEffect_av-av_font_icon-6ca63c904c7ca3c6b2a78c57cc3cba86 {\n  0% {opacity: 0.3;}\n 40% {opacity: 0.5; box-shadow: 0 0 0 2px rgba(255,255,255,0.1), 0 0 10px 10px rgba(176,43,44,0.36), 0 0 0 10px rgba(255,255,255,0.5);}\n100% {opacity: 0; box-shadow: 0 0 0 2px rgba(255,255,255,0.1), 0 0 10px 10px rgba(176,43,44,0.36), 0 0 0 10px rgba(255,255,255,0.5); transform: scale(1.5);}\n}\n.av_font_icon.av-av_font_icon-6ca63c904c7ca3c6b2a78c57cc3cba86 .av-icon-char{\nfont-size:32px;\nwidth:32px;\n}\n.av_font_icon.av-av_font_icon-6ca63c904c7ca3c6b2a78c57cc3cba86.av-icon-style-border .av-icon-char:hover::after{\nanimation:av_sonarEffect_av-av_font_icon-6ca63c904c7ca3c6b2a78c57cc3cba86 1s ease-in-out .1s infinite;\n}\n<\/style>\n<span  class='av_font_icon av-av_font_icon-6ca63c904c7ca3c6b2a78c57cc3cba86 avia_animate_when_visible av-icon-style-border avia-icon-pos-center avia-svg-icon avia-font-svg_entypo-fontello av-no-color avia-icon-animate avia-sonar-shadow'><a href='https:\/\/www.instagram.com\/africaboats\/'  target=\"_blank\"  rel=\"noopener noreferrer\"  class='av-icon-char' data-av_svg_icon='instagram' data-av_iconset='svg_entypo-fontello' ><svg version=\"1.1\" xmlns=\"http:\/\/www.w3.org\/2000\/svg\" width=\"28\" height=\"32\" viewbox=\"0 0 28 32\" preserveaspectratio=\"xMidYMid meet\" aria-labelledby='av-svg-title-1' aria-describedby='av-svg-desc-1' role=\"graphics-symbol\" aria-hidden=\"false\">\n<title id='av-svg-title-1'>Instagram<\/title>\n<desc id='av-svg-desc-1'>Instagram<\/desc>\n<path d=\"M22.080 16q0-0.832-0.192-1.6h5.632v11.008q0 1.792-1.248 3.072t-3.040 1.28h-18.944q-1.792 0-3.040-1.28t-1.248-3.072v-11.008h5.568q-0.128 1.024-0.128 1.6 0 3.392 2.432 5.856t5.888 2.464q3.392 0 5.856-2.464t2.464-5.856zM23.232 2.24q1.792 0 3.040 1.248t1.248 3.040v4.672h-6.976q-2.496-3.52-6.784-3.52-4.416 0-6.784 3.52h-6.976v-4.672q0-1.792 1.248-3.040t3.040-1.248h18.944zM25.28 7.552v-2.304q0-0.768-0.768-0.768h-2.304q-0.768 0-0.768 0.768v2.304q0 0.256 0.224 0.512t0.544 0.256h2.304q0.768 0 0.768-0.768zM18.88 16q0 2.112-1.504 3.616t-3.616 1.504-3.616-1.504-1.504-3.616q0-2.176 1.504-3.648t3.616-1.472 3.616 1.472 1.504 3.648z\"><\/path>\n<\/svg><\/a><span class='av_icon_caption av-special-font'>INSTAGRAM<\/span><\/span><\/div>","protected":false},"excerpt":{"rendered":"","protected":false},"author":1,"featured_media":0,"parent":0,"menu_order":1,"comment_status":"closed","ping_status":"closed","template":"","meta":{"footnotes":""},"class_list":["post-1208","page","type-page","status-publish","hentry"],"_links":{"self":[{"href":"https:\/\/africa-boats.com\/fr\/wp-json\/wp\/v2\/pages\/1208","targetHints":{"allow":["GET"]}}],"collection":[{"href":"https:\/\/africa-boats.com\/fr\/wp-json\/wp\/v2\/pages"}],"about":[{"href":"https:\/\/africa-boats.com\/fr\/wp-json\/wp\/v2\/types\/page"}],"author":[{"embeddable":true,"href":"https:\/\/africa-boats.com\/fr\/wp-json\/wp\/v2\/users\/1"}],"replies":[{"embeddable":true,"href":"https:\/\/africa-boats.com\/fr\/wp-json\/wp\/v2\/comments?post=1208"}],"version-history":[{"count":5,"href":"https:\/\/africa-boats.com\/fr\/wp-json\/wp\/v2\/pages\/1208\/revisions"}],"predecessor-version":[{"id":1283,"href":"https:\/\/africa-boats.com\/fr\/wp-json\/wp\/v2\/pages\/1208\/revisions\/1283"}],"wp:attachment":[{"href":"https:\/\/africa-boats.com\/fr\/wp-json\/wp\/v2\/media?parent=1208"}],"curies":[{"name":"wp","href":"https:\/\/api.w.org\/{rel}","templated":true}]}}