{"id":63,"date":"2025-03-17T11:51:59","date_gmt":"2025-03-17T10:51:59","guid":{"rendered":"https:\/\/africa-boats.com\/?page_id=63"},"modified":"2025-06-26T19:19:25","modified_gmt":"2025-06-26T17:19:25","slug":"contact","status":"publish","type":"page","link":"https:\/\/africa-boats.com\/fr\/contact\/","title":{"rendered":"Contact"},"content":{"rendered":"<style type=\"text\/css\" data-created_by=\"avia_inline_auto\" id=\"style-css-av-mauwnrx9-2956d8e877ac1de3e9ddf790d6f83fed\">\n.flex_column.av-mauwnrx9-2956d8e877ac1de3e9ddf790d6f83fed{\nborder-radius:20px 20px 20px 20px;\nheight:auto;\nmin-height:400px;\n}\n<\/style>\n<div  class='flex_column av-mauwnrx9-2956d8e877ac1de3e9ddf790d6f83fed av_one_full  avia-builder-el-0  el_before_av_section  avia-builder-el-no-sibling  first flex_column_div'     ><div  class='av_gmaps_sc_main_wrap av_gmaps_main_wrap google-map-round'><div id='av_gmap_0' class='avia-google-map-container avia-google-map-sc av_gmaps_show_unconditionally av-no-fallback-img' data-mapid='av_gmap_0'  style='height: 400px;'><a class=\"av_gmaps_browser_disabled av_text_confirm_link av_text_confirm_link_visible\" href=\"https:\/\/www.google.com\/maps\/search\/?api=1&#038;query=Sierra%20de%20las%20Estancias%2029%2004240%20Almer\u00eda%20%20Spain\" target=\"_blank\">Les cartes ont \u00e9t\u00e9 d\u00e9sactiv\u00e9es par le visiteur sur ce site. Cliquer pour ouvrir la carte dans une nouvelle fen\u00eatre.<\/a><\/div><\/div><\/div>\n<\/div><\/div><\/div><!-- close content main div --><\/div><\/div><div id='av_section_1'  class='avia-section av-2vcsz-5615e6204adb443a9eb6da0d7ad5237c main_color avia-section-large avia-no-border-styling  avia-builder-el-2  el_after_av_one_full  avia-builder-el-last  avia-bg-style-scroll container_wrap fullsize'  ><div class='container av-section-cont-open' ><div class='template-page content  av-content-full alpha units'><div class='post-entry post-entry-type-page post-entry-63'><div class='entry-content-wrapper clearfix'>\n\n<style type=\"text\/css\" data-created_by=\"avia_inline_auto\" id=\"style-css-av-m8cy1v8k-9c916ec2b3ff3ad905c9ff0faae2528b\">\n#top .av-special-heading.av-m8cy1v8k-9c916ec2b3ff3ad905c9ff0faae2528b{\npadding-bottom:10px;\n}\nbody .av-special-heading.av-m8cy1v8k-9c916ec2b3ff3ad905c9ff0faae2528b .av-special-heading-tag .heading-char{\nfont-size:25px;\n}\n.av-special-heading.av-m8cy1v8k-9c916ec2b3ff3ad905c9ff0faae2528b .av-subheading{\nfont-size:15px;\n}\n<\/style>\n<div  class='av-special-heading av-m8cy1v8k-9c916ec2b3ff3ad905c9ff0faae2528b av-special-heading-h1 blockquote modern-quote  avia-builder-el-3  el_before_av_hr  avia-builder-el-first'><h1 class='av-special-heading-tag'  itemprop=\"headline\"  >Contact<\/h1><div class=\"special-heading-border\"><div class=\"special-heading-inner-border\"><\/div><\/div><\/div>\n\n<style type=\"text\/css\" data-created_by=\"avia_inline_auto\" id=\"style-css-av-2g37-75ff16a84f43c88be4cb2c180510e882\">\n#top .hr.av-2g37-75ff16a84f43c88be4cb2c180510e882{\nmargin-top:15px;\nmargin-bottom:20px;\n}\n.hr.av-2g37-75ff16a84f43c88be4cb2c180510e882 .hr-inner{\nwidth:100%;\nborder-color:rgba(176,43,44,0.5);\n}\n<\/style>\n<div  class='hr av-2g37-75ff16a84f43c88be4cb2c180510e882 hr-custom  avia-builder-el-4  el_after_av_heading  el_before_av_hr  hr-left hr-icon-no'><span class='hr-inner inner-border-av-border-thin'><span class=\"hr-inner-style\"><\/span><\/span><\/div>\n\n<style type=\"text\/css\" data-created_by=\"avia_inline_auto\" id=\"style-css-av-mcdnefpf-736bd2b748aa452d4c00a45617b47fbb\">\n#top .hr.hr-invisible.av-mcdnefpf-736bd2b748aa452d4c00a45617b47fbb{\nheight:30px;\n}\n<\/style>\n<div  class='hr av-mcdnefpf-736bd2b748aa452d4c00a45617b47fbb hr-invisible  avia-builder-el-5  el_after_av_hr  el_before_av_one_half'><span class='hr-inner'><span class=\"hr-inner-style\"><\/span><\/span><\/div>\n<div  class='flex_column av-1pm9b-2029419e7da9c9f9505a52aa0392d658 av_one_half  avia-builder-el-6  el_after_av_hr  el_before_av_one_half  first flex_column_div'     ><\/div><div  class='flex_column av-1doeb-a05a1c9edc56b2e693357d1e9bd9a7c6 av_one_half  avia-builder-el-8  el_after_av_one_half  avia-builder-el-last  flex_column_div'     ><section  class='av_textblock_section av-mb6fk4wx-7b1d792dd6a6df739d4c450e911f67a1'   itemscope=\"itemscope\" itemtype=\"https:\/\/schema.org\/CreativeWork\" ><div class='avia_textblock'  itemprop=\"text\" ><h3><strong>Mil\u00e1n Nautic Spain S. L.<\/strong><\/h3>\n<p>C\/ Sierra de las Estancias 29.<br \/>\nPolitique industrielle La Juaida.<br \/>\n04240 - Viator - ( Almer\u00eda )<br \/>\n<strong>+34 654 999 333<\/strong><\/p>\n<\/div><\/section><\/div>","protected":false},"excerpt":{"rendered":"","protected":false},"author":1,"featured_media":0,"parent":0,"menu_order":12,"comment_status":"closed","ping_status":"closed","template":"","meta":{"footnotes":""},"class_list":["post-63","page","type-page","status-publish","hentry"],"_links":{"self":[{"href":"https:\/\/africa-boats.com\/fr\/wp-json\/wp\/v2\/pages\/63","targetHints":{"allow":["GET"]}}],"collection":[{"href":"https:\/\/africa-boats.com\/fr\/wp-json\/wp\/v2\/pages"}],"about":[{"href":"https:\/\/africa-boats.com\/fr\/wp-json\/wp\/v2\/types\/page"}],"author":[{"embeddable":true,"href":"https:\/\/africa-boats.com\/fr\/wp-json\/wp\/v2\/users\/1"}],"replies":[{"embeddable":true,"href":"https:\/\/africa-boats.com\/fr\/wp-json\/wp\/v2\/comments?post=63"}],"version-history":[{"count":0,"href":"https:\/\/africa-boats.com\/fr\/wp-json\/wp\/v2\/pages\/63\/revisions"}],"wp:attachment":[{"href":"https:\/\/africa-boats.com\/fr\/wp-json\/wp\/v2\/media?parent=63"}],"curies":[{"name":"wp","href":"https:\/\/api.w.org\/{rel}","templated":true}]}}